{"id":914,"date":"2024-09-27T10:52:01","date_gmt":"2024-09-27T08:52:01","guid":{"rendered":"https:\/\/mouchet.be\/wp\/?post_type=product&#038;p=914"},"modified":"2026-01-19T10:18:33","modified_gmt":"2026-01-19T09:18:33","slug":"vol-au-choix","status":"publish","type":"product","link":"https:\/\/enballon.be\/nl\/produit\/vol-au-choix\/","title":{"rendered":"Vol au choix"},"content":{"rendered":"<p>Place(s) \u00e0 bord d&#8217;un vol<\/p>\n<ul>\n<li>\u00e0 une date \u00e0 convenir avec le pilote,<\/li>\n<li>au d\u00e9part de l&#8217;endroit de votre choix (sous r\u00e9serve d&#8217;autorisation) et avec d&#8217;\u00e9ventuel frais de d\u00e9placement suppl\u00e9mentaires<\/li>\n<li>avec possibilit\u00e9 de choisir le pilote<\/li>\n<li>vol privatis\u00e9 sur demande au pilote (peut entrainer des co\u00fbts suppl\u00e9mentaires)<\/li>\n<\/ul>\n<p>&nbsp;<\/p>\n","protected":false},"excerpt":{"rendered":"<p>Place(s) \u00e0 bord d&#8217;un vol \u00e0 une date \u00e0 convenir avec le pilote, au d\u00e9part de l&#8217;endroit de votre choix (sous r\u00e9serve d&#8217;autorisation) et avec d&#8217;\u00e9ventuel frais de d\u00e9placement suppl\u00e9mentaires avec possibilit\u00e9 de choisir le pilote vol privatis\u00e9 sur demande au pilote (peut entrainer des co\u00fbts suppl\u00e9mentaires) &nbsp;<\/p>\n","protected":false},"featured_media":907,"template":"","meta":[],"product_brand":[],"product_cat":[85],"product_tag":[149],"class_list":{"0":"post-914","1":"product","2":"type-product","3":"status-publish","4":"has-post-thumbnail","6":"product_cat-vol-partage","7":"product_tag-lieu-au-choix","9":"first","10":"instock","11":"featured","12":"taxable","13":"shipping-taxable","14":"purchasable","15":"product-type-variable","16":"has-default-attributes"},"_links":{"self":[{"href":"https:\/\/enballon.be\/nl\/wp-json\/wp\/v2\/product\/914","targetHints":{"allow":["GET"]}}],"collection":[{"href":"https:\/\/enballon.be\/nl\/wp-json\/wp\/v2\/product"}],"about":[{"href":"https:\/\/enballon.be\/nl\/wp-json\/wp\/v2\/types\/product"}],"wp:featuredmedia":[{"embeddable":true,"href":"https:\/\/enballon.be\/nl\/wp-json\/wp\/v2\/media\/907"}],"wp:attachment":[{"href":"https:\/\/enballon.be\/nl\/wp-json\/wp\/v2\/media?parent=914"}],"wp:term":[{"taxonomy":"product_brand","embeddable":true,"href":"https:\/\/enballon.be\/nl\/wp-json\/wp\/v2\/product_brand?post=914"},{"taxonomy":"product_cat","embeddable":true,"href":"https:\/\/enballon.be\/nl\/wp-json\/wp\/v2\/product_cat?post=914"},{"taxonomy":"product_tag","embeddable":true,"href":"https:\/\/enballon.be\/nl\/wp-json\/wp\/v2\/product_tag?post=914"}],"curies":[{"name":"wp","href":"https:\/\/api.w.org\/{rel}","templated":true}]}}