{"id":4408,"date":"2025-07-27T21:53:48","date_gmt":"2025-07-27T19:53:48","guid":{"rendered":"https:\/\/enballon.be\/produit\/zaterdag-2-augustus\/"},"modified":"2025-07-27T21:54:02","modified_gmt":"2025-07-27T19:54:02","slug":"samedi-02-aout","status":"publish","type":"product","link":"https:\/\/enballon.be\/nl\/produit\/samedi-02-aout\/","title":{"rendered":"zaterdag 2 Augustus"},"content":{"rendered":"<p>Vlucht in de buurt van outsiplou, op zaterdag 2 Augustus om 10.00 uur.<\/p>\n<p>Gedeelde vlucht aan boord van een mand met maximaal 1 passagiers.<br \/>\n<br \/>De activiteit duurt  ongeveer 3 uur, waarvan ongeveer 1 uur vliegen.<\/p>\n<p>En voor al onze vluchten,<\/p>\n<ul>\n<li>Traditionele after flight en diploma\u2019s<\/li>\n<li>lokale en <b>kwaliteitsbubbels<\/b>: <i><b>\u201cPerles de Wallonie\u201d<\/i><\/b> van het <b>Domaine du Chenoy<\/b><\/li>\n<li>Keer terug in onze voertuigen naar het ontmoetingspunt <b>zonder extra kosten<\/b><\/li>\n<\/ul>\n<p>De definitieve ontmoetingsplaats wordt bij de bevestiging van de vlucht  door de piloot bekendgemaakt.<\/p>\n<p>Als u als eerste plaats aan boord boekt, kan deze vlucht worden geprivatiseerd voor twee personen (en de piloot) voor een \u00e9\u00e9n-op-\u00e9\u00e9n vlucht<\/p>\n","protected":false},"excerpt":{"rendered":"<p>Vlucht in de buurt van outsiplou, op zaterdag 2 Augustus om 10.00 uur<\/p>\n","protected":false},"featured_media":0,"template":"","meta":[],"product_brand":[],"product_cat":[85],"product_tag":[200,145],"class_list":{"0":"post-4408","1":"product","2":"type-product","3":"status-publish","5":"product_cat-vol-partage","6":"product_tag-outsiplou","7":"product_tag-soir","9":"first","10":"instock","11":"virtual","12":"taxable","13":"purchasable","14":"product-type-simple"},"_links":{"self":[{"href":"https:\/\/enballon.be\/nl\/wp-json\/wp\/v2\/product\/4408","targetHints":{"allow":["GET"]}}],"collection":[{"href":"https:\/\/enballon.be\/nl\/wp-json\/wp\/v2\/product"}],"about":[{"href":"https:\/\/enballon.be\/nl\/wp-json\/wp\/v2\/types\/product"}],"wp:attachment":[{"href":"https:\/\/enballon.be\/nl\/wp-json\/wp\/v2\/media?parent=4408"}],"wp:term":[{"taxonomy":"product_brand","embeddable":true,"href":"https:\/\/enballon.be\/nl\/wp-json\/wp\/v2\/product_brand?post=4408"},{"taxonomy":"product_cat","embeddable":true,"href":"https:\/\/enballon.be\/nl\/wp-json\/wp\/v2\/product_cat?post=4408"},{"taxonomy":"product_tag","embeddable":true,"href":"https:\/\/enballon.be\/nl\/wp-json\/wp\/v2\/product_tag?post=4408"}],"curies":[{"name":"wp","href":"https:\/\/api.w.org\/{rel}","templated":true}]}}