{"id":4405,"date":"2025-07-27T21:47:49","date_gmt":"2025-07-27T19:47:49","guid":{"rendered":"https:\/\/enballon.be\/produit\/donderdag-31-juli\/"},"modified":"2025-07-27T21:47:49","modified_gmt":"2025-07-27T19:47:49","slug":"donderdag-31-juli","status":"publish","type":"product","link":"https:\/\/enballon.be\/nl\/produit\/donderdag-31-juli\/","title":{"rendered":"donderdag 31 Juli"},"content":{"rendered":"<p>Vlucht in de buurt van Emines, op donderdag 31 Juli om 10.00 uur.<\/p>\n<p>Gedeelde vlucht aan boord van een mand met maximaal 3 passagiers.<br \/>\n<br \/>De activiteit duurt  ongeveer 3 uur, waarvan ongeveer 1 uur vliegen.<\/p>\n<p>En voor al onze vluchten,<\/p>\n<ul>\n<li>Traditionele after flight en diploma\u2019s<\/li>\n<li>lokale en <b>kwaliteitsbubbels<\/b>: <i><b>\u201cPerles de Wallonie\u201d<\/i><\/b> van het <b>Domaine du Chenoy<\/b><\/li>\n<li>Keer terug in onze voertuigen naar het ontmoetingspunt <b>zonder extra kosten<\/b><\/li>\n<\/ul>\n<p>De definitieve ontmoetingsplaats wordt bij de bevestiging van de vlucht  door de piloot bekendgemaakt.<\/p>\n<p>Als u als eerste plaats aan boord boekt, kan deze vlucht worden geprivatiseerd voor twee personen (en de piloot) voor een \u00e9\u00e9n-op-\u00e9\u00e9n vlucht<\/p>\n","protected":false},"excerpt":{"rendered":"<p>Vlucht in de buurt van Emines, op donderdag 31 Juli om 10.00 uur<\/p>\n","protected":false},"featured_media":1429,"template":"","meta":[],"product_brand":[],"product_cat":[85],"product_tag":[150,145],"class_list":{"0":"post-4405","1":"product","2":"type-product","3":"status-publish","4":"has-post-thumbnail","6":"product_cat-vol-partage","7":"product_tag-emines","8":"product_tag-soir","10":"first","11":"instock","12":"virtual","13":"taxable","14":"purchasable","15":"product-type-simple"},"_links":{"self":[{"href":"https:\/\/enballon.be\/nl\/wp-json\/wp\/v2\/product\/4405","targetHints":{"allow":["GET"]}}],"collection":[{"href":"https:\/\/enballon.be\/nl\/wp-json\/wp\/v2\/product"}],"about":[{"href":"https:\/\/enballon.be\/nl\/wp-json\/wp\/v2\/types\/product"}],"wp:featuredmedia":[{"embeddable":true,"href":"https:\/\/enballon.be\/nl\/wp-json\/wp\/v2\/media\/1429"}],"wp:attachment":[{"href":"https:\/\/enballon.be\/nl\/wp-json\/wp\/v2\/media?parent=4405"}],"wp:term":[{"taxonomy":"product_brand","embeddable":true,"href":"https:\/\/enballon.be\/nl\/wp-json\/wp\/v2\/product_brand?post=4405"},{"taxonomy":"product_cat","embeddable":true,"href":"https:\/\/enballon.be\/nl\/wp-json\/wp\/v2\/product_cat?post=4405"},{"taxonomy":"product_tag","embeddable":true,"href":"https:\/\/enballon.be\/nl\/wp-json\/wp\/v2\/product_tag?post=4405"}],"curies":[{"name":"wp","href":"https:\/\/api.w.org\/{rel}","templated":true}]}}