{"id":145,"date":"2024-06-16T13:32:03","date_gmt":"2024-06-16T11:32:03","guid":{"rendered":"https:\/\/mouchet.be\/wp\/?post_type=product&#038;p=145"},"modified":"2026-01-19T10:09:55","modified_gmt":"2026-01-19T09:09:55","slug":"bon-cadeau","status":"publish","type":"product","link":"https:\/\/enballon.be\/nl\/produit\/bon-cadeau\/","title":{"rendered":"Bon cadeau"},"content":{"rendered":"<p>Une place \u00e0 bord d&#8217;une nacelle de max 5 passagers \u00e0 choisir parmi les vols propos\u00e9s sur le site.<\/p>\n","protected":false},"excerpt":{"rendered":"<p>Une place \u00e0 bord d&#8217;une nacelle de max 5 passagers \u00e0 choisir parmi les vols propos\u00e9s sur le site.<\/p>\n","protected":false},"featured_media":237,"template":"","meta":[],"product_brand":[],"product_cat":[86],"product_tag":[149],"class_list":{"0":"post-145","1":"product","2":"type-product","3":"status-publish","4":"has-post-thumbnail","6":"product_cat-bon-cadeau","7":"product_tag-lieu-au-choix","8":"product_shipping_class-produits-virtuels","10":"first","11":"instock","12":"featured","13":"virtual","14":"taxable","15":"purchasable","16":"product-type-simple"},"_links":{"self":[{"href":"https:\/\/enballon.be\/nl\/wp-json\/wp\/v2\/product\/145","targetHints":{"allow":["GET"]}}],"collection":[{"href":"https:\/\/enballon.be\/nl\/wp-json\/wp\/v2\/product"}],"about":[{"href":"https:\/\/enballon.be\/nl\/wp-json\/wp\/v2\/types\/product"}],"wp:featuredmedia":[{"embeddable":true,"href":"https:\/\/enballon.be\/nl\/wp-json\/wp\/v2\/media\/237"}],"wp:attachment":[{"href":"https:\/\/enballon.be\/nl\/wp-json\/wp\/v2\/media?parent=145"}],"wp:term":[{"taxonomy":"product_brand","embeddable":true,"href":"https:\/\/enballon.be\/nl\/wp-json\/wp\/v2\/product_brand?post=145"},{"taxonomy":"product_cat","embeddable":true,"href":"https:\/\/enballon.be\/nl\/wp-json\/wp\/v2\/product_cat?post=145"},{"taxonomy":"product_tag","embeddable":true,"href":"https:\/\/enballon.be\/nl\/wp-json\/wp\/v2\/product_tag?post=145"}],"curies":[{"name":"wp","href":"https:\/\/api.w.org\/{rel}","templated":true}]}}