{"id":1301,"date":"2025-01-10T12:07:53","date_gmt":"2025-01-10T11:07:53","guid":{"rendered":"https:\/\/enballon.be\/?post_type=product&#038;p=1301"},"modified":"2026-01-19T10:19:08","modified_gmt":"2026-01-19T09:19:08","slug":"bulles-locales","status":"publish","type":"product","link":"https:\/\/enballon.be\/nl\/produit\/bulles-locales\/","title":{"rendered":"Bulles locales"},"content":{"rendered":"<p>Vous pr\u00e9f\u00e9rez consommer local, nous aussi !<br \/>\nNous vous proposons en option des bulles &#8220;locales&#8221;, produites par deux domaines de la r\u00e9gion namuroise en lieu et place des bulles traditionnelles (Cr\u00e9mant de Loire ou de Bourgogne).<\/p>\n<p>Les &#8220;perles de Wallonie&#8221; du Domaine du Chenoy,<\/p>\n<p>Ros\u00e9e d&#8217;Audrey&#8221; du Domaine du Ry d&#8217;Argent<\/p>\n","protected":false},"excerpt":{"rendered":"<p>Vous pr\u00e9f\u00e9rez consommer local, nous aussi ! Nous vous proposons en option des bulles &#8220;locales&#8221;, produites par deux domaines de la r\u00e9gion namuroise en lieu et place des bulles traditionnelles (Cr\u00e9mant de Loire ou de Bourgogne). Les &#8220;perles de Wallonie&#8221; du Domaine du Chenoy, Ros\u00e9e d&#8217;Audrey&#8221; du Domaine du Ry d&#8217;Argent<\/p>\n","protected":false},"featured_media":229,"template":"","meta":[],"product_brand":[],"product_cat":[153],"product_tag":[],"class_list":{"0":"post-1301","1":"product","2":"type-product","3":"status-publish","4":"has-post-thumbnail","6":"product_cat-option","8":"first","9":"instock","10":"sale","11":"virtual","12":"taxable","13":"purchasable","14":"product-type-simple"},"_links":{"self":[{"href":"https:\/\/enballon.be\/nl\/wp-json\/wp\/v2\/product\/1301","targetHints":{"allow":["GET"]}}],"collection":[{"href":"https:\/\/enballon.be\/nl\/wp-json\/wp\/v2\/product"}],"about":[{"href":"https:\/\/enballon.be\/nl\/wp-json\/wp\/v2\/types\/product"}],"wp:featuredmedia":[{"embeddable":true,"href":"https:\/\/enballon.be\/nl\/wp-json\/wp\/v2\/media\/229"}],"wp:attachment":[{"href":"https:\/\/enballon.be\/nl\/wp-json\/wp\/v2\/media?parent=1301"}],"wp:term":[{"taxonomy":"product_brand","embeddable":true,"href":"https:\/\/enballon.be\/nl\/wp-json\/wp\/v2\/product_brand?post=1301"},{"taxonomy":"product_cat","embeddable":true,"href":"https:\/\/enballon.be\/nl\/wp-json\/wp\/v2\/product_cat?post=1301"},{"taxonomy":"product_tag","embeddable":true,"href":"https:\/\/enballon.be\/nl\/wp-json\/wp\/v2\/product_tag?post=1301"}],"curies":[{"name":"wp","href":"https:\/\/api.w.org\/{rel}","templated":true}]}}