{"id":4548,"date":"2026-01-19T10:14:31","date_gmt":"2026-01-19T09:14:31","guid":{"rendered":"https:\/\/enballon.be\/?post_type=product&#038;p=4548"},"modified":"2026-01-19T10:26:16","modified_gmt":"2026-01-19T09:26:16","slug":"carte-cadeau","status":"publish","type":"product","link":"https:\/\/enballon.be\/en\/produit\/carte-cadeau\/","title":{"rendered":"Carte cadeau"},"content":{"rendered":"<p>Carte cadeau pr\u00e9-imprim\u00e9e \u00e0 glisser parmi les cadeaux, ou au pied du sapin&#8230;<\/p>\n","protected":false},"excerpt":{"rendered":"<p>Carte cadeau pr\u00e9-imprim\u00e9e \u00e0 glisser parmi les cadeaux, ou au pied du sapin&#8230;<\/p>\n","protected":false},"featured_media":222,"template":"","meta":[],"product_brand":[],"product_cat":[153],"product_tag":[],"class_list":{"0":"post-4548","1":"product","2":"type-product","3":"status-publish","4":"has-post-thumbnail","6":"product_cat-option","7":"product_shipping_class-goodies-legers","9":"first","10":"instock","11":"taxable","12":"shipping-taxable","13":"product-type-simple"},"_links":{"self":[{"href":"https:\/\/enballon.be\/en\/wp-json\/wp\/v2\/product\/4548","targetHints":{"allow":["GET"]}}],"collection":[{"href":"https:\/\/enballon.be\/en\/wp-json\/wp\/v2\/product"}],"about":[{"href":"https:\/\/enballon.be\/en\/wp-json\/wp\/v2\/types\/product"}],"wp:featuredmedia":[{"embeddable":true,"href":"https:\/\/enballon.be\/en\/wp-json\/wp\/v2\/media\/222"}],"wp:attachment":[{"href":"https:\/\/enballon.be\/en\/wp-json\/wp\/v2\/media?parent=4548"}],"wp:term":[{"taxonomy":"product_brand","embeddable":true,"href":"https:\/\/enballon.be\/en\/wp-json\/wp\/v2\/product_brand?post=4548"},{"taxonomy":"product_cat","embeddable":true,"href":"https:\/\/enballon.be\/en\/wp-json\/wp\/v2\/product_cat?post=4548"},{"taxonomy":"product_tag","embeddable":true,"href":"https:\/\/enballon.be\/en\/wp-json\/wp\/v2\/product_tag?post=4548"}],"curies":[{"name":"wp","href":"https:\/\/api.w.org\/{rel}","templated":true}]}}