{"id":146,"date":"2024-06-16T13:32:58","date_gmt":"2024-06-16T11:32:58","guid":{"rendered":"https:\/\/mouchet.be\/wp\/?post_type=product&#038;p=146"},"modified":"2026-01-19T10:08:13","modified_gmt":"2026-01-19T09:08:13","slug":"cadeau-v-i-p-vol-exclusif-pour-2-personnes","status":"publish","type":"product","link":"https:\/\/enballon.be\/en\/produit\/cadeau-v-i-p-vol-exclusif-pour-2-personnes\/","title":{"rendered":"Bon cadeau V.I.P. (vol privatis\u00e9 pour 2)"},"content":{"rendered":"<p>Vol <strong>exclusif<\/strong> pour 2 personnes, avec uniquement le pilote en plus \u00e0 bord,<\/p>\n<p>Ce bon est valable durant 2 ans, pour 2 places (m\u00eame si le prix augmente)<\/p>\n<p>&#8220;Perles de Wallonie&#8221;\u00a0 et dipl\u00f4mes apr\u00e8s le vol<\/p>\n<p>id\u00e9al pour <strong>anniversaire<\/strong>, <strong>demande en mariage<\/strong>, &#8230;<\/p>\n<p>Et comme pour tous nos vols, retour dans nos v\u00e9hicules au point de rendez-vous sans suppl\u00e9ment<\/p>\n<p>&nbsp;<\/p>\n","protected":false},"excerpt":{"rendered":"<p>Vol exclusif pour 2 personnes, avec uniquement le pilote en plus \u00e0 bord, Ce bon est valable durant 2 ans, pour 2 places (m\u00eame si le prix augmente) &#8220;Perles de Wallonie&#8221;\u00a0 et dipl\u00f4mes apr\u00e8s le vol id\u00e9al pour anniversaire, demande en mariage, &#8230; Et comme pour tous nos vols, retour dans nos v\u00e9hicules au point [&hellip;]<\/p>\n","protected":false},"featured_media":220,"template":"","meta":[],"product_brand":[],"product_cat":[86],"product_tag":[149],"class_list":{"0":"post-146","1":"product","2":"type-product","3":"status-publish","4":"has-post-thumbnail","6":"product_cat-bon-cadeau","7":"product_tag-lieu-au-choix","9":"first","10":"instock","11":"featured","12":"virtual","13":"taxable","14":"purchasable","15":"product-type-simple"},"_links":{"self":[{"href":"https:\/\/enballon.be\/en\/wp-json\/wp\/v2\/product\/146","targetHints":{"allow":["GET"]}}],"collection":[{"href":"https:\/\/enballon.be\/en\/wp-json\/wp\/v2\/product"}],"about":[{"href":"https:\/\/enballon.be\/en\/wp-json\/wp\/v2\/types\/product"}],"wp:featuredmedia":[{"embeddable":true,"href":"https:\/\/enballon.be\/en\/wp-json\/wp\/v2\/media\/220"}],"wp:attachment":[{"href":"https:\/\/enballon.be\/en\/wp-json\/wp\/v2\/media?parent=146"}],"wp:term":[{"taxonomy":"product_brand","embeddable":true,"href":"https:\/\/enballon.be\/en\/wp-json\/wp\/v2\/product_brand?post=146"},{"taxonomy":"product_cat","embeddable":true,"href":"https:\/\/enballon.be\/en\/wp-json\/wp\/v2\/product_cat?post=146"},{"taxonomy":"product_tag","embeddable":true,"href":"https:\/\/enballon.be\/en\/wp-json\/wp\/v2\/product_tag?post=146"}],"curies":[{"name":"wp","href":"https:\/\/api.w.org\/{rel}","templated":true}]}}